{"id":3580,"date":"2019-12-24T14:52:47","date_gmt":"2019-12-24T14:52:47","guid":{"rendered":"https:\/\/reputaciononlinelegal.es\/cat\/?page_id=3580"},"modified":"2023-01-03T07:29:18","modified_gmt":"2023-01-03T07:29:18","slug":"aviso-legal","status":"publish","type":"page","link":"https:\/\/reputaciononlinelegal.es\/cat\/aviso-legal\/","title":{"rendered":"Avis Legal"},"content":{"rendered":"\n<style type=\"text\/css\" data-created_by=\"avia_inline_auto\" id=\"style-css-av-345pp8-18dd5d031ed5434dd18808b0438cbd22\">\n.flex_column.av-345pp8-18dd5d031ed5434dd18808b0438cbd22{\n-webkit-border-radius:0px 0px 0px 0px;\n-moz-border-radius:0px 0px 0px 0px;\nborder-radius:0px 0px 0px 0px;\npadding:0px 0px 0px 0px;\n}\n<\/style>\n<div class='flex_column av-345pp8-18dd5d031ed5434dd18808b0438cbd22 av_one_full  avia-builder-el-0  avia-builder-el-no-sibling  first flex_column_div av-zero-column-padding '     ><section  class='av_textblock_section av-k4xtrw99-2ff6713108eed7aef38d2a50a2362531'  itemscope=\"itemscope\" itemtype=\"https:\/\/schema.org\/CreativeWork\" ><div class='avia_textblock av_inherit_color'  itemprop=\"text\" ><h1>Av\u00eds Legal<\/h1>\n<h2>Condicions d&#8217;\u00fas del portal<\/h2>\n<p>Mitjan\u00e7ant aquesta p\u00e0gina web es facilita l&#8217;acc\u00e9s a un portal web d&#8217;UNIVER IURIS S.L. El fet de connectar-se a aquesta p\u00e0gina web implica l&#8217;acceptaci\u00f3 del present Av\u00eds Legal.<\/p>\n<h2>Propietat Intel\u00b7lectual<\/h2>\n<p>Tots els continguts del Portal, entenent per aquests a t\u00edtol merament enunciatiu els textos, fotografies, gr\u00e0fics, imatges, icones, tecnologia, programari, links i altres continguts, aix\u00ed com el seu disseny gr\u00e0fic i codis font s\u00f3n propietat intel\u2022lectual de la nostra companyia, sense que puguin entendre cedits a l&#8217;Usuari cap dels drets d&#8217;explotaci\u00f3 sobre els mateixos m\u00e9s enll\u00e0 de l&#8217;estrictament necessari per al correcte \u00fas del Portal.<\/p>\n<h2>Identificaci\u00f3 de l&#8217;empresa. Dades registrals<\/h2>\n<p>En compliment de l&#8217;article 10 de la Llei de Serveis de la Societat de la Informaci\u00f3 i Comer\u00e7 Electr\u00f2nic UNIVER IURIS S.L informa:<\/p>\n<p>REPUTACIONONLINELEGAL \u00e9s la marca comercial.<\/p>\n<p>UNIVER IURIS S.L \u00e9s una societat limitada, amb CIB B- 63044011<br \/>\ncorreu electr\u00f2nic info@ reputaciononlinelegal.es<\/p>\n<p>Societat inscrita al Registre Mercantil de Barcelona, amb el n\u00famero 544, Tom 35498, Foli 86, Full B 263485, Inscripci\u00f3 2.<br \/>\nL&#8217;administrador de la Societat \u00e9s Rafael Gimeno-Bay\u00f3n del Molino, Llicenciat de Dret a la Universitat de Barcelona, Espanya. Col\u2022legiat al Il. llustre Col\u2022legi d&#8217;Advocats de Barcelona amb el n\u00fam 28.613. www.icab.es<\/p>\n<p>La normativa professional est\u00e0 a la web: http:\/\/www.cgae.es\/portalCGAE\/printPortal.do?urlPagina=S001012002\/es_ES\u2026.<\/p>\n<h2>Exclusi\u00f3 de responsabilitat<\/h2>\n<p>Respecte els links o hiperenlla\u00e7os declinem tota responsabilitat per aquells que remetin a la nostra p\u00e0gina web i en el cas d&#8217;aquells que apareguin a la nostra p\u00e0gina la connexi\u00f3 ho faran a t\u00edtol informatiu.<\/p>\n<h2>Llei aplicable i jurisdicci\u00f3<\/h2>\n<p>Per a qualsevol controv\u00e8rsia relacionada amb el present av\u00eds legal les parts accepten la submissi\u00f3 expressa als jutjats de Barcelona.<\/p>\n<h1 id=\"privacidad\">Pol\u00edtica de Privacitat<\/h1>\n<h2>En relaci\u00f3 a les Cookies durant la navegaci\u00f3<\/h2>\n<p>Una cookie (o galeta inform\u00e0tica) \u00e9s una petita informaci\u00f3 enviada per un lloc web i emmagatzemada al navegador de l&#8217;usuari, de manera que el lloc web pot consultar l&#8217;activitat pr\u00e8via de l&#8217;usuari.<\/p>\n<p>Les seves principals funcions s\u00f3n:<\/p>\n<ul>\n<li>Portar el control d&#8217;usuaris: quan un usuari introdueix el seu nom d&#8217;usuari i contrasenya, s&#8217;emmagatzema una cookie perqu\u00e8 no hagi d&#8217;introdu\u00efr-les per a cada p\u00e0gina del servidor. Per altra banda, una cookie no identifica nom\u00e9s a una persona, sin\u00f3 a una combinaci\u00f3 de computadora-navegador-usuari.<\/li>\n<li>Conseguir informaci\u00f3 sobre els h\u00e0bits de navegaci\u00f3 de l&#8217;usuari, entre d&#8217;altres.<\/li>\n<\/ul>\n<p>Aquesta web NO fa servir cookies pr\u00f2pies.<\/p>\n<p>Cookies de Tercers:<\/p>\n<table id=\"legal-table\">\n<tbody>\n<tr>\n<th class=\"table-small-header\">Tipo de cookie<\/th>\n<th class=\"table-small-header\">Empresa<\/th>\n<th class=\"table-large-header\">Finalidad<\/th>\n<th class=\"table-large-header\">Informaci\u00f3n<\/th>\n<\/tr>\n<tr>\n<td>_utma<\/td>\n<td rowspan=\"3\">Google<\/td>\n<td rowspan=\"3\">Navegaci\u00f3n de forma an\u00f3nima que permite saber qu\u00e9 se consulta y c\u00f3mo se navega<\/td>\n<td rowspan=\"3\">http:\/\/www.google.es\/intl\/es\/analytics\/privacyoverview.html<\/td>\n<\/tr>\n<tr>\n<td>_utmb<\/td>\n<\/tr>\n<tr>\n<td>_utmc<\/td>\n<\/tr>\n<tr>\n<td>_utmz<\/td>\n<\/tr>\n<\/tbody>\n<\/table>\n<p>Cookies inserides Twitter y Youtube<br \/>\nhttps:\/\/twitter.com\/privacy<br \/>\nhttp:\/\/www.google.com\/policies\/technologies\/types\/<\/p>\n<p>Gestionar cookies<\/p>\n<p>Pots permetre, bloquejar o eliminar les cookies instal\u2022lades al teu equip mitjan\u00e7ant la configuraci\u00f3 de les opcions del navegador instal\u00b7lat al teu ordinador.<br \/>\nSi no est\u00e0s segur de quin tipus i versi\u00f3 de navegador fas servir per accedir a internet:<br \/>\nPer Windows: has de clicar a &#8220;Ajuda&#8221; a la part superior de la finestra del teu navegador i seleccionar l&#8217;opci\u00f3 &#8220;Sobre el&#8221;.<br \/>\nPer Mac: amb la finestra del navegador oberta, s&#8217;ha de clicar al men\u00fa d&#8217;Apple i seleccionar l&#8217;opci\u00f3 &#8220;Sobre el&#8230;&#8221;.<\/p>\n<p>Com gestionar les cookies a Windows<\/p>\n<h2>Google Chrome<\/h2>\n<ol>\n<li>Fes clic al men\u00fa de Chrome situat a la barra d&#8217;eines del navegador.<\/li>\n<li>Selecciona &#8220;Configuraci\u00f3&#8221;.<\/li>\n<li>Fes clic a &#8220;Mostrar opcions avan\u00e7ades&#8230;&#8221;<\/li>\n<li>A la secci\u00f3 &#8220;Privacitat&#8221;, fes clic al bot\u00f3 &#8220;Configuraci\u00f3 de contingut&#8230;&#8221;.<\/li>\n<li>A la secci\u00f3 &#8220;Cookies&#8221;, pots configurar les opcions que s&#8217;indiquen a continuaci\u00f3: Eliminar cookies, bloquejar o permetre les cookies de forma predeterminada, incloure excepcions de cookies de dominos o llocs web espec\u00edfics.<\/li>\n<li>Si necessites m\u00e9s detalls pots consultar l&#8217;ajuda de Google Chrome.<\/li>\n<\/ol>\n<h2>Microsoft Internet Explorer 7.0 i 8.0<\/h2>\n<ol>\n<li>Fes clic al bot\u00f3 &#8220;Eines&#8221; i despr\u00e9s a &#8220;Opcions d&#8217;Internet&#8221;.<\/li>\n<li>Fes clic a la fitxa &#8220;Privacitat&#8221; i, a continuaci\u00f3, mou el control lliscant a una posici\u00f3 intermitja entre els extrems superior i inferior, de forma que no es bloquegin ni permetin totes les cookies.<\/li>\n<li>Fes clic a &#8220;Llocs&#8221;.<\/li>\n<li>Al quadre &#8220;Direcci\u00f3 del lloc web&#8221;, escriu la direcci\u00f3 d&#8217;un lloc web i, despr\u00e9s, fes clic a &#8220;Bloquejar&#8221; o &#8220;Permetre&#8221;.<\/li>\n<li>Mentre escriu, anir\u00e0 apareixent una llista de les planes web que ja hagi visitat. Si fa clic en un element de la llista, es mostrar\u00e0 al quadre Direcci\u00f3 del lloc web.<\/li>\n<li>Al finalitzar, fes clic a &#8220;Acceptar&#8221;.<\/li>\n<li>Torna a col\u00b7locar el control lliscant a la seva posici\u00f3 original i fes clic a &#8220;Acceptar&#8221;.<\/li>\n<li>Pots consultar l&#8217;ajuda de Windows per m\u00e9s informaci\u00f3.<\/li>\n<\/ol>\n<h2>Mozilla Firefox<\/h2>\n<ol>\n<li>A la part superior de la finestra de Firefox, fes clic al bot\u00f3 Firefox i selecciona &#8220;Opcions&#8221;.<\/li>\n<li>Selecciona el panell &#8220;Privacitat&#8221;.<\/li>\n<li>A &#8220;Firefox podr\u00e0:&#8221; escull &#8220;Fer servir una configuraci\u00f3 personalitzada per l&#8217;historial&#8221;.<\/li>\n<li>Marca l&#8217;opci\u00f3 &#8220;Acceptar cookies&#8221; per activar-les i desmarca-la per desactivar-les.<\/li>\n<li>Si no vols rebre cookies de tercers desmarca &#8220;Acceptar cookies de tercers&#8221;.<\/li>\n<li>Pots consultar l&#8217;ajuda de Mozilla per m\u00e9s informaci\u00f3.<\/li>\n<\/ol>\n<h2>Safari<\/h2>\n<ol>\n<li>Fes clic a &#8220;Safari&#8221; a la part superior de la finestra del teu navegador i selecciona l&#8217;opci\u00f3 &#8220;Prefer\u00e8ncies&#8221;.<\/li>\n<li>Fes clic a &#8220;Privacitat&#8221;.<\/li>\n<li>A l&#8217;apartat &#8220;Bloquejar cookies&#8221; selecciona una de les seg\u00fcents opcions segons t&#8217;interessi: &#8220;De publicitat i tercers&#8221;, &#8220;Sempre&#8221;, o &#8220;Mai&#8221;.<\/li>\n<\/ol>\n<h2>Opera<\/h2>\n<ol>\n<li>Fes clic a &#8220;Configuraci\u00f3&#8221; a la part superior de la finestra del navegador i selecciona &#8220;Opcions&#8221;.<\/li>\n<li>A continuaci\u00f3 selecciona la pestanya &#8220;Avan\u00e7at&#8221; i a la llista de l&#8217;esquerra selecciona &#8220;Cookies&#8221;.<\/li>\n<li>A continuaci\u00f3 selecciona &#8220;Acceptar cookies&#8221;.<\/li>\n<li>Disposa de tres opcions segons la teva prefer\u00e8ncia: &#8220;Acceptar cookies&#8221;, &#8220;Acceptar cookies nom\u00e9s del lloc visitat&#8221; i &#8220;No acceptar cookies mai&#8221;.<\/li>\n<\/ol>\n<p>Com gestionar les cookies a Mac<\/p>\n<h2>Google Chrome<\/h2>\n<ol>\n<li>Fes clic al men\u00fa de Chrome situat a la barra d&#8217;eines del navegador.<\/li>\n<li>Selecciona &#8220;Configuraci\u00f3&#8221;.<\/li>\n<li>Fes clic a &#8220;Mostrar opcions avan\u00e7ades&#8230;&#8221;<\/li>\n<li>A la secci\u00f3 &#8220;Privacitat&#8221;, fes clic al bot\u00f3 &#8220;Configuraci\u00f3 de contingut&#8230;&#8221;.<\/li>\n<li>A la secci\u00f3 &#8220;Cookies&#8221;, pots configurar les opcions que s&#8217;indiquen a continuaci\u00f3: Eliminar cookies, bloquejar o permetre les cookies de forma predeterminada, incloure excepcions de cookies de dominos o llocs web espec\u00edfics.<\/li>\n<li>Si necessites m\u00e9s detalls pots consultar l&#8217;ajuda de Google Chrome.<\/li>\n<\/ol>\n<h2>Microsoft Internet Explorer<\/h2>\n<ol>\n<li>Fes clic a &#8220;Explorer&#8221; a la part superior de la finestra del seu navegador i selecciona les opcions de &#8220;Prefer\u00e8ncies&#8221;.<\/li>\n<li>Despla\u00e7a&#8217;t fins abaix fins que aparegui &#8220;Cookies&#8221; a Arxius rebuts.<\/li>\n<li>Selecciona l&#8217;opci\u00f3 &#8220;No preguntar mai&#8221;.<\/li>\n<li>Fes clic en &#8220;Acceptar&#8221;.<\/li>\n<\/ol>\n<h2>Mozilla Firefox<\/h2>\n<ol>\n<li>A la barra de men\u00fas, fes clic al men\u00fa Firefox i selecciona &#8220;Prefer\u00e8ncies&#8230;&#8221;.<\/li>\n<li>Selecciona el panell &#8220;Privacitat&#8221;.<\/li>\n<li>A &#8220;Firefox podr\u00e0:&#8221; escull &#8220;Fer servir una configuraci\u00f3 personalitzada per l&#8217;historial&#8221;.<\/li>\n<li>Marca l&#8217;opci\u00f3 &#8220;Acceptar cookies&#8221; per activar-les i desmarca-la per desactivar-les.<\/li>\n<li>Si no vols rebre cookies de tercers desmarca &#8220;Acceptar cookies de tercers&#8221;.<\/li>\n<\/ol>\n<h2>Safari<\/h2>\n<ol>\n<li>Fes clic a &#8220;Safari&#8221; a la part superior de la finestra del teu navegador i selecciona l&#8217;opci\u00f3 &#8220;Prefer\u00e8ncies&#8221;.<\/li>\n<li>Fes clic a &#8220;Privacitat&#8221;.<\/li>\n<li>A l&#8217;apartat &#8220;Bloquejar cookies&#8221; selecciona una de les seg\u00fcents opcions segons t&#8217;interessi: &#8220;De publicitat i tercers&#8221;, &#8220;Sempre&#8221;, o &#8220;Mai&#8221;.<\/li>\n<\/ol>\n<h2>Opera<\/h2>\n<ol>\n<li>Fes clic a &#8220;Opera&#8221; a la part superior de la finestra del navegador i selecciona &#8220;Opcions&#8221;.<\/li>\n<li>A continuaci\u00f3 selecciona la pestanya &#8220;Avan\u00e7at&#8221; i a la llista de l&#8217;esquerra selecciona &#8220;Cookies&#8221;.<\/li>\n<li>A continuaci\u00f3 selecciona &#8220;Acceptar cookies&#8221;.<\/li>\n<li>Disposa de tres opcions segons la teva prefer\u00e8ncia: &#8220;Acceptar cookies&#8221;, &#8220;Acceptar cookies nom\u00e9s del lloc visitat&#8221; i &#8220;No acceptar cookies mai&#8221;.<\/li>\n<\/ol>\n<\/div><\/section><\/div>\n","protected":false},"excerpt":{"rendered":"","protected":false},"author":1,"featured_media":0,"parent":0,"menu_order":0,"comment_status":"closed","ping_status":"closed","template":"","meta":{"footnotes":""},"class_list":["post-3580","page","type-page","status-publish","hentry"],"yoast_head":"<!-- This site is optimized with the Yoast SEO plugin v24.2 - https:\/\/yoast.com\/wordpress\/plugins\/seo\/ -->\n<title>Avis Legal - Reputaci\u00f3 Online Legal<\/title>\n<meta name=\"robots\" content=\"noindex, follow\" \/>\n<meta property=\"og:locale\" content=\"ca_ES\" \/>\n<meta property=\"og:type\" content=\"article\" \/>\n<meta property=\"og:title\" content=\"Avis Legal - Reputaci\u00f3 Online Legal\" \/>\n<meta property=\"og:url\" content=\"https:\/\/reputaciononlinelegal.es\/cat\/aviso-legal\/\" \/>\n<meta property=\"og:site_name\" content=\"Reputaci\u00f3 Online Legal\" \/>\n<meta property=\"article:modified_time\" content=\"2023-01-03T07:29:18+00:00\" \/>\n<meta name=\"twitter:card\" content=\"summary_large_image\" \/>\n<meta name=\"twitter:site\" content=\"@reputacionlegal\" \/>\n<meta name=\"twitter:label1\" content=\"Temps estimat de lectura\" \/>\n\t<meta name=\"twitter:data1\" content=\"7 minuts\" \/>\n<!-- \/ Yoast SEO plugin. -->","yoast_head_json":{"title":"Avis Legal - Reputaci\u00f3 Online Legal","robots":{"index":"noindex","follow":"follow"},"og_locale":"ca_ES","og_type":"article","og_title":"Avis Legal - Reputaci\u00f3 Online Legal","og_url":"https:\/\/reputaciononlinelegal.es\/cat\/aviso-legal\/","og_site_name":"Reputaci\u00f3 Online Legal","article_modified_time":"2023-01-03T07:29:18+00:00","twitter_card":"summary_large_image","twitter_site":"@reputacionlegal","twitter_misc":{"Temps estimat de lectura":"7 minuts"},"schema":{"@context":"https:\/\/schema.org","@graph":[{"@type":"WebPage","@id":"https:\/\/reputaciononlinelegal.es\/cat\/aviso-legal\/","url":"https:\/\/reputaciononlinelegal.es\/cat\/aviso-legal\/","name":"Avis Legal - Reputaci\u00f3 Online Legal","isPartOf":{"@id":"https:\/\/reputaciononlinelegal.es\/cat\/#website"},"datePublished":"2019-12-24T14:52:47+00:00","dateModified":"2023-01-03T07:29:18+00:00","breadcrumb":{"@id":"https:\/\/reputaciononlinelegal.es\/cat\/aviso-legal\/#breadcrumb"},"inLanguage":"ca","potentialAction":[{"@type":"ReadAction","target":["https:\/\/reputaciononlinelegal.es\/cat\/aviso-legal\/"]}]},{"@type":"BreadcrumbList","@id":"https:\/\/reputaciononlinelegal.es\/cat\/aviso-legal\/#breadcrumb","itemListElement":[{"@type":"ListItem","position":1,"name":"Portada","item":"https:\/\/reputaciononlinelegal.es\/cat\/inicio\/"},{"@type":"ListItem","position":2,"name":"Avis Legal"}]},{"@type":"WebSite","@id":"https:\/\/reputaciononlinelegal.es\/cat\/#website","url":"https:\/\/reputaciononlinelegal.es\/cat\/","name":"Reputaci\u00f3 Online Legal","description":"Protecci\u00f3 de marca online","publisher":{"@id":"https:\/\/reputaciononlinelegal.es\/cat\/#organization"},"potentialAction":[{"@type":"SearchAction","target":{"@type":"EntryPoint","urlTemplate":"https:\/\/reputaciononlinelegal.es\/cat\/?s={search_term_string}"},"query-input":{"@type":"PropertyValueSpecification","valueRequired":true,"valueName":"search_term_string"}}],"inLanguage":"ca"},{"@type":"Organization","@id":"https:\/\/reputaciononlinelegal.es\/cat\/#organization","name":"Reputaci\u00f3n Online Legal","url":"https:\/\/reputaciononlinelegal.es\/cat\/","logo":{"@type":"ImageObject","inLanguage":"ca","@id":"https:\/\/reputaciononlinelegal.es\/cat\/#\/schema\/logo\/image\/","url":"https:\/\/reputaciononlinelegal.es\/cat\/wp-content\/uploads\/2022\/08\/Imagen3_resultado.webp","contentUrl":"https:\/\/reputaciononlinelegal.es\/cat\/wp-content\/uploads\/2022\/08\/Imagen3_resultado.webp","width":603,"height":404,"caption":"Reputaci\u00f3n Online Legal"},"image":{"@id":"https:\/\/reputaciononlinelegal.es\/cat\/#\/schema\/logo\/image\/"},"sameAs":["https:\/\/x.com\/reputacionlegal","https:\/\/www.linkedin.com\/company\/reputaci\u00f3n-online-legal"]}]}},"_links":{"self":[{"href":"https:\/\/reputaciononlinelegal.es\/cat\/wp-json\/wp\/v2\/pages\/3580","targetHints":{"allow":["GET"]}}],"collection":[{"href":"https:\/\/reputaciononlinelegal.es\/cat\/wp-json\/wp\/v2\/pages"}],"about":[{"href":"https:\/\/reputaciononlinelegal.es\/cat\/wp-json\/wp\/v2\/types\/page"}],"author":[{"embeddable":true,"href":"https:\/\/reputaciononlinelegal.es\/cat\/wp-json\/wp\/v2\/users\/1"}],"replies":[{"embeddable":true,"href":"https:\/\/reputaciononlinelegal.es\/cat\/wp-json\/wp\/v2\/comments?post=3580"}],"version-history":[{"count":1,"href":"https:\/\/reputaciononlinelegal.es\/cat\/wp-json\/wp\/v2\/pages\/3580\/revisions"}],"predecessor-version":[{"id":5295,"href":"https:\/\/reputaciononlinelegal.es\/cat\/wp-json\/wp\/v2\/pages\/3580\/revisions\/5295"}],"wp:attachment":[{"href":"https:\/\/reputaciononlinelegal.es\/cat\/wp-json\/wp\/v2\/media?parent=3580"}],"curies":[{"name":"wp","href":"https:\/\/api.w.org\/{rel}","templated":true}]}}